{"id":156,"date":"2025-03-17T16:47:03","date_gmt":"2025-03-17T16:47:03","guid":{"rendered":"https:\/\/alexanderteschner.de\/?page_id=156"},"modified":"2025-03-23T20:22:33","modified_gmt":"2025-03-23T20:22:33","slug":"ueber-mich","status":"publish","type":"page","link":"https:\/\/alexanderteschner.de\/en\/ueber-mich\/","title":{"rendered":"About me"},"content":{"rendered":"<p>[et_pb_section fb_built=&#8220;1&#8243; disabled_on=&#8220;on|on|off&#8220; _builder_version=&#8220;4.27.4&#8243; _module_preset=&#8220;default&#8220; background_image=&#8220;https:\/\/alexanderteschner.de\/wp-content\/uploads\/2025\/03\/Alexander_Teschner_uebermich_02.jpg&#8220; background_position=&#8220;top_left&#8220; height=&#8220;60vh&#8220; custom_css_main_element=&#8220;display: flex;||flex-direction: column;||justify-content: center;&#8220; global_colors_info=&#8220;{}&#8220;][et_pb_row column_structure=&#8220;1_2,1_2&#8243; _builder_version=&#8220;4.27.4&#8243; _module_preset=&#8220;default&#8220; global_colors_info=&#8220;{}&#8220;][et_pb_column type=&#8220;1_2&#8243; _builder_version=&#8220;4.27.4&#8243; _module_preset=&#8220;default&#8220; global_colors_info=&#8220;{}&#8220;][\/et_pb_column][et_pb_column type=&#8220;1_2&#8243; _builder_version=&#8220;4.27.4&#8243; _module_preset=&#8220;default&#8220; global_colors_info=&#8220;{}&#8220;][et_pb_text ul_type=&#8220;circle&#8220; quote_border_weight=&#8220;1px&#8220; quote_border_color=&#8220;#D6C9B4&#8243; _builder_version=&#8220;4.27.4&#8243; _module_preset=&#8220;default&#8220; text_font=&#8220;Lexend light||||||||&#8220; text_text_color=&#8220;#FFFFFF&#8220; text_font_size=&#8220;25px&#8220; text_line_height=&#8220;1.8em&#8220; link_font=&#8220;Lexend medium||||||||&#8220; link_text_color=&#8220;#455763&#8243; ul_font=&#8220;Lexend regular||||||||&#8220; ul_text_color=&#8220;#333333&#8243; ul_line_height=&#8220;1.7em&#8220; quote_font=&#8220;Lexend light||||||||&#8220; quote_text_align=&#8220;left&#8220; quote_text_color=&#8220;#455763&#8243; header_font=&#8220;Lexend medium||||||||&#8220; header_text_align=&#8220;left&#8220; header_text_color=&#8220;#455763&#8243; header_font_size=&#8220;33px&#8220; header_line_height=&#8220;1.7em&#8220; header_2_font=&#8220;Lexend regular|||on|||||&#8220; header_2_text_color=&#8220;#455763&#8243; header_2_line_height=&#8220;1.7em&#8220; header_3_font=&#8220;Lexend regular||||||||&#8220; header_3_text_color=&#8220;#455763&#8243; header_3_line_height=&#8220;1.5em&#8220; header_4_font=&#8220;Lexend regular|||on|||||&#8220; header_4_text_align=&#8220;center&#8220; header_4_text_color=&#8220;#D6C9B4&#8243; header_4_font_size=&#8220;15px&#8220; custom_margin=&#8220;||0px||false|false&#8220; global_colors_info=&#8220;{}&#8220;]<\/p>\n<p style=\"font-weight: 400; text-align: left;\">\"With more than 25 years of professional experience in very dynamic and innovative companies, I have acquired extensive expertise.\"<\/p>\n<p>[\/et_pb_text][\/et_pb_column][\/et_pb_row][\/et_pb_section][et_pb_section fb_built=&#8220;1&#8243; disabled_on=&#8220;off|off|on&#8220; _builder_version=&#8220;4.27.4&#8243; _module_preset=&#8220;default&#8220; background_image=&#8220;https:\/\/alexanderteschner.de\/wp-content\/uploads\/2025\/03\/Alexander_Teschner_uebermich_quadr.jpg&#8220; background_position=&#8220;top_left&#8220; height=&#8220;50vh&#8220; custom_css_main_element=&#8220;display: flex;||flex-direction: column;||justify-content: center;&#8220; global_colors_info=&#8220;{}&#8220;][et_pb_row column_structure=&#8220;1_2,1_2&#8243; _builder_version=&#8220;4.27.4&#8243; _module_preset=&#8220;default&#8220; global_colors_info=&#8220;{}&#8220;][et_pb_column type=&#8220;1_2&#8243; _builder_version=&#8220;4.27.4&#8243; _module_preset=&#8220;default&#8220; global_colors_info=&#8220;{}&#8220;][\/et_pb_column][et_pb_column type=&#8220;1_2&#8243; _builder_version=&#8220;4.27.4&#8243; _module_preset=&#8220;default&#8220; global_colors_info=&#8220;{}&#8220;][\/et_pb_column][\/et_pb_row][\/et_pb_section][et_pb_section fb_built=&#8220;1&#8243; disabled_on=&#8220;off|off|on&#8220; _builder_version=&#8220;4.27.4&#8243; _module_preset=&#8220;default&#8220; background_color=&#8220;#E8E2DA&#8220; global_colors_info=&#8220;{}&#8220;][et_pb_row _builder_version=&#8220;4.27.4&#8243; _module_preset=&#8220;default&#8220; custom_margin=&#8220;0px||0px||false|false&#8220; custom_padding=&#8220;0px||0px||false|false&#8220; global_colors_info=&#8220;{}&#8220;][et_pb_column type=&#8220;4_4&#8243; _builder_version=&#8220;4.27.4&#8243; _module_preset=&#8220;default&#8220; global_colors_info=&#8220;{}&#8220;][et_pb_text ul_type=&#8220;circle&#8220; quote_border_weight=&#8220;1px&#8220; quote_border_color=&#8220;#D6C9B4&#8243; _builder_version=&#8220;4.27.4&#8243; _module_preset=&#8220;default&#8220; text_font=&#8220;Lexend light||||||||&#8220; text_text_color=&#8220;#455763&#8243; text_font_size=&#8220;20px&#8220; text_line_height=&#8220;1.4em&#8220; link_font=&#8220;Lexend medium||||||||&#8220; link_text_color=&#8220;#455763&#8243; ul_font=&#8220;Lexend regular||||||||&#8220; ul_text_color=&#8220;#333333&#8243; ul_line_height=&#8220;1.7em&#8220; quote_font=&#8220;Lexend light||||||||&#8220; quote_text_align=&#8220;left&#8220; quote_text_color=&#8220;#455763&#8243; header_font=&#8220;Lexend medium||||||||&#8220; header_text_align=&#8220;left&#8220; header_text_color=&#8220;#455763&#8243; header_font_size=&#8220;33px&#8220; header_line_height=&#8220;1.7em&#8220; header_2_font=&#8220;Lexend regular|||on|||||&#8220; header_2_text_color=&#8220;#455763&#8243; header_2_line_height=&#8220;1.7em&#8220; header_3_font=&#8220;Lexend regular||||||||&#8220; header_3_text_color=&#8220;#455763&#8243; header_3_line_height=&#8220;1.5em&#8220; header_4_font=&#8220;Lexend regular|||on|||||&#8220; header_4_text_align=&#8220;center&#8220; header_4_text_color=&#8220;#D6C9B4&#8243; header_4_font_size=&#8220;15px&#8220; custom_margin=&#8220;||||false|false&#8220; global_colors_info=&#8220;{}&#8220;]<\/p>\n<p style=\"font-weight: 400; text-align: center;\">\"With more than 25 years of professional experience in very dynamic and innovative companies, I have acquired extensive expertise.\"<\/p>\n<p>[\/et_pb_text][\/et_pb_column][\/et_pb_row][\/et_pb_section][et_pb_section fb_built=&#8220;1&#8243; _builder_version=&#8220;4.27.4&#8243; _module_preset=&#8220;default&#8220; global_colors_info=&#8220;{}&#8220;][et_pb_row column_structure=&#8220;3_5,2_5&#8243; _builder_version=&#8220;4.27.4&#8243; _module_preset=&#8220;default&#8220; global_colors_info=&#8220;{}&#8220;][et_pb_column type=&#8220;3_5&#8243; _builder_version=&#8220;4.27.4&#8243; _module_preset=&#8220;default&#8220; global_colors_info=&#8220;{}&#8220;][et_pb_text ul_type=&#8220;circle&#8220; quote_border_weight=&#8220;1px&#8220; quote_border_color=&#8220;#D6C9B4&#8243; _builder_version=&#8220;4.27.4&#8243; _module_preset=&#8220;default&#8220; text_font=&#8220;Lexend regular||||||||&#8220; text_text_color=&#8220;#333333&#8243; link_font=&#8220;Lexend medium||||||||&#8220; link_text_color=&#8220;#455763&#8243; ul_font=&#8220;Lexend regular||||||||&#8220; ul_text_color=&#8220;#333333&#8243; ul_line_height=&#8220;1.7em&#8220; quote_font=&#8220;Lexend light||||||||&#8220; quote_text_align=&#8220;left&#8220; quote_text_color=&#8220;#455763&#8243; header_font=&#8220;Lexend medium||||||||&#8220; header_text_align=&#8220;left&#8220; header_text_color=&#8220;#455763&#8243; header_font_size=&#8220;33px&#8220; header_line_height=&#8220;1.7em&#8220; header_2_font=&#8220;Lexend light||||||||&#8220; header_2_text_color=&#8220;#455763&#8243; header_2_line_height=&#8220;1.7em&#8220; header_3_font=&#8220;Lexend semibold||||||||&#8220; header_3_text_color=&#8220;#455763&#8243; header_3_line_height=&#8220;1.7em&#8220; global_colors_info=&#8220;{}&#8220;]<\/p>\n<h2>About me<\/h2>\n<h3><\/h3>\n<div>\n<p class=\"p1\"><span>With more than 25 years of professional experience in commercial management positions in national and international companies and corporate groups - including more than 16 years as CFO or Finance Director - I have extensive experience that has proven its worth, particularly in challenging situations. Starting my career at one of the Big Four auditing firms, followed by several years as head of Group Accounting at a listed company, I have built a solid foundation in accounting.<o:p><\/o:p><\/span><\/p>\n<\/div>\n<div>\n<p class=\"p2\"><span><o:p>\u00a0<\/o:p><\/span><\/p>\n<\/div>\n<div>\n<p class=\"p1\"><span>During my time as CFO and Finance Director, I successfully accompanied numerous transformation processes - from M&amp;A transactions and post-merger integrations to international system implementations and the establishment of global finance functions, as well as restructurings and reorganisations. I have also worked for private equity-backed environments, played a central role in two IPOs and several capital increases. A key success factor has always been the introduction of state-of-the-art reporting in accordance with HGB and IFRS, along with the development of meaningful management reports.<o:p><\/o:p><\/span><\/p>\n<\/div>\n<div>\n<p class=\"p2\"><span><o:p>\u00a0<\/o:p><\/span><\/p>\n<\/div>\n<div>\n<p class=\"p1\"><span>My coaching training has further strengthened my leadership skills and enables me not only to lead teams, but also to support their sustainable development. Working with companies facing significant challenges has taught me to remain focused and maintain perspective in dynamic, high-pressure situations.<o:p><\/o:p><\/span><\/p>\n<\/div>\n<div>\n<p class=\"p2\"><span><o:p>\u00a0<\/o:p><\/span><\/p>\n<\/div>\n<div>\n<p class=\"p1\"><span>With a clear focus on results and a proven hands-on approach, I am ready to support your business through its most demanding phases.<o:p><\/o:p><\/span><\/p>\n<\/div>\n<p>[\/et_pb_text][et_pb_button button_url=&#8220;https:\/\/alexanderteschner.de\/start\/#kontakt&#8220; button_text=&#8220;Jetzt Gespr\u00e4ch vereinbaren&#8220; _builder_version=&#8220;4.27.4&#8243; _module_preset=&#8220;default&#8220; custom_button=&#8220;on&#8220; button_text_size=&#8220;14px&#8220; button_text_color=&#8220;#455763&#8243; button_bg_color=&#8220;RGBA(255,255,255,0)&#8220; button_border_width=&#8220;2px&#8220; button_border_color=&#8220;#455763&#8243; global_colors_info=&#8220;{}&#8220;][\/et_pb_button][\/et_pb_column][et_pb_column type=&#8220;2_5&#8243; _builder_version=&#8220;4.27.4&#8243; _module_preset=&#8220;default&#8220; global_colors_info=&#8220;{}&#8220;][dipl_timeline select_timeline_layout_option=&#8220;dipl_timeline_right&#8220; global_timeline_icon_color=&#8220;#E8E2DA&#8220; global_icon_fill_color=&#8220;#E8E2DA&#8220; global_timeline_icon_font_size=&#8220;25px&#8220; timeline_bar_color=&#8220;#D6C9B4&#8243; timeline_bar_fill_color=&#8220;#E8E2DA&#8220; timeline_custom_padding=&#8220;||||false|false&#8220; global_timeline_background_color=&#8220;#E8E2DA&#8220; _builder_version=&#8220;4.27.4&#8243; _module_preset=&#8220;default&#8220; global_timeline_header_font=&#8220;Lexend regular||||||||&#8220; global_timeline_header_text_color=&#8220;#455763&#8243; global_timeline_header_font_size=&#8220;18px&#8220; global_timeline_text_font=&#8220;Lexend light||||||||&#8220; global_timeline_text_text_color=&#8220;#455763&#8243; global_timeline_text_font_size=&#8220;14px&#8220; global_timeline_date_font=&#8220;Lexend regular||||||||&#8220; global_timeline_date_text_color=&#8220;#455763&#8243; transform_scale_tablet=&#8220;&#8220; transform_scale_phone=&#8220;&#8220; transform_scale_last_edited=&#8220;on|desktop&#8220; transform_translate=&#8220;0px|-20%&#8220; transform_translate_tablet=&#8220;0px|0%&#8220; transform_translate_phone=&#8220;0px|0%&#8220; transform_translate_last_edited=&#8220;on|desktop&#8220; transform_translate_linked=&#8220;off&#8220; transform_rotate_tablet=&#8220;&#8220; transform_rotate_phone=&#8220;&#8220; transform_rotate_last_edited=&#8220;on|desktop&#8220; transform_skew_tablet=&#8220;&#8220; transform_skew_phone=&#8220;&#8220; transform_skew_last_edited=&#8220;on|desktop&#8220; transform_origin_tablet=&#8220;&#8220; transform_origin_phone=&#8220;&#8220; transform_origin_last_edited=&#8220;on|desktop&#8220; transform_styles_last_edited=&#8220;on|desktop&#8220; custom_margin=&#8220;5%||||false|false&#8220; animation_style=&#8220;fold&#8220; animation_direction=&#8220;left&#8220; scroll_vertical_motion=&#8220;0|41|41|100|4|0|-4&#8243; motion_trigger_start=&#8220;top&#8220; transform_styles_tablet=&#8220;&#8220; transform_styles_phone=&#8220;&#8220; global_colors_info=&#8220;{}&#8220;][dipl_timeline_item timeline_title=&#8220;25 Jahre&#8220; _builder_version=&#8220;4.27.4&#8243; _module_preset=&#8220;default&#8220; global_colors_info=&#8220;{}&#8220;]<\/p>\n<p>professional experience<\/p>\n<p>[\/dipl_timeline_item][dipl_timeline_item timeline_title=&#8220;16 Jahre&#8220; _builder_version=&#8220;4.27.4&#8243; _module_preset=&#8220;default&#8220; global_colors_info=&#8220;{}&#8220;]<\/p>\n<p>experience as CFO\/ CFD<\/p>\n<p>[\/dipl_timeline_item][dipl_timeline_item timeline_title=&#8220;8 Jahre&#8220; _builder_version=&#8220;4.27.4&#8243; _module_preset=&#8220;default&#8220; global_colors_info=&#8220;{}&#8220;]<\/p>\n<p>Head of Group Accounting<\/p>\n<p>[\/dipl_timeline_item][dipl_timeline_item timeline_title=&#8220;2&#8243; _builder_version=&#8220;4.27.4&#8243; _module_preset=&#8220;default&#8220; global_colors_info=&#8220;{}&#8220;]<\/p>\n<p>IPOs<\/p>\n<p>[\/dipl_timeline_item][\/dipl_timeline][\/et_pb_column][\/et_pb_row][\/et_pb_section]<\/p>","protected":false},"excerpt":{"rendered":"<p>&#8222;Mit \u00fcber 25 Jahren Berufserfahrung in sehr dynamischen und innovativen Unternehmen habe ich mir eine umfangreiche Expertise erworben.\u201c&#8220;Mit \u00fcber 25 Jahren Berufserfahrung in sehr dynamischen und innovativen Unternehmen habe ich mir eine umfangreiche Expertise erworben.\u201c\u00dcber mich Mit \u00fcber 25 Jahren Berufserfahrung in kaufm\u00e4nnischen F\u00fchrungspositionen nationaler und internationaler Unternehmen sowie Unternehmensgruppen \u2013 davon mehr als 16 [&hellip;]<\/p>","protected":false},"author":1,"featured_media":0,"parent":0,"menu_order":0,"comment_status":"closed","ping_status":"closed","template":"","meta":{"_et_pb_use_builder":"on","_et_pb_old_content":"","_et_gb_content_width":"","footnotes":""},"class_list":["post-156","page","type-page","status-publish","hentry"],"_links":{"self":[{"href":"https:\/\/alexanderteschner.de\/en\/wp-json\/wp\/v2\/pages\/156","targetHints":{"allow":["GET"]}}],"collection":[{"href":"https:\/\/alexanderteschner.de\/en\/wp-json\/wp\/v2\/pages"}],"about":[{"href":"https:\/\/alexanderteschner.de\/en\/wp-json\/wp\/v2\/types\/page"}],"author":[{"embeddable":true,"href":"https:\/\/alexanderteschner.de\/en\/wp-json\/wp\/v2\/users\/1"}],"replies":[{"embeddable":true,"href":"https:\/\/alexanderteschner.de\/en\/wp-json\/wp\/v2\/comments?post=156"}],"version-history":[{"count":2,"href":"https:\/\/alexanderteschner.de\/en\/wp-json\/wp\/v2\/pages\/156\/revisions"}],"predecessor-version":[{"id":267,"href":"https:\/\/alexanderteschner.de\/en\/wp-json\/wp\/v2\/pages\/156\/revisions\/267"}],"wp:attachment":[{"href":"https:\/\/alexanderteschner.de\/en\/wp-json\/wp\/v2\/media?parent=156"}],"curies":[{"name":"wp","href":"https:\/\/api.w.org\/{rel}","templated":true}]}}