{"id":169,"date":"2025-03-17T17:06:45","date_gmt":"2025-03-17T17:06:45","guid":{"rendered":"https:\/\/alexanderteschner.de\/?page_id=169"},"modified":"2025-03-25T19:09:29","modified_gmt":"2025-03-25T19:09:29","slug":"datenschutz","status":"publish","type":"page","link":"https:\/\/alexanderteschner.de\/en\/datenschutz\/","title":{"rendered":"Privacy Policy"},"content":{"rendered":"<p>[et_pb_section fb_built=&#8220;1&#8243; _builder_version=&#8220;4.27.4&#8243; background_image=&#8220;https:\/\/alexanderteschner.de\/wp-content\/uploads\/2025\/03\/Hintergrund_Laptop.webp&#8220; global_colors_info=&#8220;{}&#8220;][\/et_pb_section][et_pb_section fb_built=&#8220;1&#8243; _builder_version=&#8220;4.27.4&#8243; _module_preset=&#8220;default&#8220; global_colors_info=&#8220;{}&#8220; min_height=&#8220;5669.6px&#8220;][et_pb_row _builder_version=&#8220;4.27.4&#8243; _module_preset=&#8220;default&#8220; global_colors_info=&#8220;{}&#8220;][et_pb_column type=&#8220;4_4&#8243; _builder_version=&#8220;4.27.4&#8243; _module_preset=&#8220;default&#8220; global_colors_info=&#8220;{}&#8220;][et_pb_text ul_type=&#8220;circle&#8220; quote_border_weight=&#8220;1px&#8220; quote_border_color=&#8220;#D6C9B4&#8243; _builder_version=&#8220;4.27.4&#8243; _module_preset=&#8220;default&#8220; text_font=&#8220;Lexend regular||||||||&#8220; text_text_color=&#8220;#333333&#8243; link_font=&#8220;Lexend medium||||||||&#8220; link_text_color=&#8220;#455763&#8243; ul_font=&#8220;Lexend regular||||||||&#8220; ul_text_color=&#8220;#333333&#8243; ul_line_height=&#8220;1.7em&#8220; quote_font=&#8220;Lexend light||||||||&#8220; quote_text_align=&#8220;left&#8220; quote_text_color=&#8220;#455763&#8243; header_font=&#8220;Lexend medium||||||||&#8220; header_text_align=&#8220;left&#8220; header_text_color=&#8220;#455763&#8243; header_font_size=&#8220;33px&#8220; header_line_height=&#8220;1.7em&#8220; header_2_font=&#8220;Lexend regular||||||||&#8220; header_2_text_color=&#8220;#455763&#8243; header_2_font_size=&#8220;22px&#8220; header_2_line_height=&#8220;1.7em&#8220; header_3_font=&#8220;Lexend medium||||||||&#8220; header_3_text_color=&#8220;#455763&#8243; header_3_line_height=&#8220;1.7em&#8220; hover_enabled=&#8220;0&#8243; global_colors_info=&#8220;{}&#8220; header_3_font_size=&#8220;18px&#8220; sticky_enabled=&#8220;0&#8243; header_4_font=&#8220;Lexend medium||||||||&#8220; header_4_font_size=&#8220;16px&#8220; header_4_text_color=&#8220;#333333&#8243;]<\/p>\n<h1>Privacy Policy<\/h1>\n<h2>1. Data Protection at a Glance<\/h2>\n<h3>General Information<\/h3>\n<p>The following information provides a simple overview of what happens to your personal data when you visit this website. Personal data is any data by which you can be personally identified. Detailed information on data protection can be found in the full privacy policy listed below.<\/p>\n<h3>Data collection on this website<\/h3>\n<h4>Who is responsible for data collection on this website?<\/h4>\n<p>Data processing on this website is carried out by the website operator. You can find their contact details in the \"Information on the Responsible Body\" section of this privacy policy.<\/p>\n<h4>How do we collect your data?<\/h4>\n<p>Some data is collected when you provide it to us. This may, for example, be data you enter in a contact form.<\/p>\n<p>Other data is collected automatically or with your consent when you visit the website by our IT systems. This includes primarily technical data (e.g., browser type, operating system, or time of page access). This data is collected automatically as soon as you enter this website.<\/p>\n<h4>What do we use your data for?<\/h4>\n<p>Some of the data is collected to ensure the proper functioning of the website. Other data may be used to analyze your user behavior. If contracts are concluded or initiated via the website, the transmitted data will also be processed for contract offers, orders, or other inquiries.<\/p>\n<h4>What rights do you have regarding your data?<\/h4>\n<p>You have the right at any time to receive free information about the origin, recipient, and purpose of your stored personal data. You also have the right to request correction or deletion of this data. If you have given consent to data processing, you can revoke this consent at any time for the future. You also have the right to request the restriction of the processing of your personal data under certain circumstances. Furthermore, you have the right to lodge a complaint with the competent supervisory authority.<\/p>\n<p>You can contact us at any time regarding this and other questions about data protection.<\/p>\n<h3>Analysis Tools and Tools from Third-Party Providers<\/h3>\n<p>When you visit this website, your surfing behavior may be statistically evaluated. This is primarily done using so-called analysis programs.<\/p>\n<p>Detailed information about these analysis programs can be found in the following privacy policy.<\/p>\n<h2>2. Hosting<\/h2>\n<p>We host the content of our website with the following provider:<\/p>\n<h3>Strato<\/h3>\n<p>Provider is Strato AG, Otto-Ostrowski-Stra\u00dfe 7, 10249 Berlin (hereinafter referred to as \u201cStrato\u201d). When you visit our website, Strato collects various log files including your IP address.<\/p>\n<p>For more information, please refer to Strato\u2019s privacy policy: <a href=\"https:\/\/www.strato.de\/datenschutz\/\" target=\"_blank\" rel=\"noopener noreferrer\">https:\/\/www.strato.de\/datenschutz\/<\/a>.<\/p>\n<p>The use of Strato is based on Art. 6(1)(f) GDPR. We have a legitimate interest in the most reliable presentation of our website. If consent has been requested, the processing is carried out exclusively on the basis of Art. 6(1)(a) GDPR and \u00a7 25(1) TDDDG, insofar as the consent includes the storage of cookies or access to information on the user\u2019s device (e.g. device fingerprinting) within the meaning of the TDDDG. The consent can be revoked at any time.<\/p>\n<h4>Data Processing Agreement<\/h4>\n<p>We have concluded a data processing agreement (DPA) for the use of the above service. This is a contract required by data protection law, which ensures that Strato only processes the personal data of our website visitors according to our instructions and in compliance with the GDPR.<\/p>\n<h2>3. General Information and Mandatory Disclosures<\/h2>\n<h3>Privacy Policy<\/h3>\n<p>The operators of these pages take the protection of your personal data very seriously. We treat your personal data confidentially and in accordance with statutory data protection regulations and this privacy policy.<\/p>\n<p>When you use this website, various personal data are collected. Personal data is data that can be used to personally identify you. This privacy policy explains what data we collect and what we use it for. It also explains how and for what purpose this happens.<\/p>\n<p>We point out that data transmission on the Internet (e.g. when communicating by email) can have security gaps. A complete protection of data against access by third parties is not possible.<\/p>\n<h3>Information on the Responsible Body<\/h3>\n<p>The responsible body for data processing on this website is:<\/p>\n<p>Alexander Teschner<br \/>Fruteweg 40<br \/>22559 Hamburg<\/p>\n<p>Phone: +49 170 228 44 75<br \/>E-Mail: info@alexanderteschner.de<\/p>\n<p>The responsible body is the natural or legal person who alone or jointly with others decides on the purposes and means of the processing of personal data (e.g. names, email addresses, etc.).<\/p>\n<h3>Storage Duration<\/h3>\n<p>Unless a more specific storage period is stated within this privacy policy, your personal data will remain with us until the purpose for the data processing no longer applies. If you assert a legitimate request for deletion or revoke your consent to data processing, your data will be deleted unless we have other legally permissible reasons for storing your personal data (e.g. tax or commercial law retention periods); in the latter case, deletion will take place after these reasons cease to apply.<\/p>\n<h3>Legal Basis for Data Processing on This Website<\/h3>\n<p>If you have consented to data processing, we process your personal data based on Art. 6(1)(a) GDPR or Art. 9(2)(a) GDPR if special categories of data according to Art. 9(1) GDPR are processed. In case of express consent to the transfer of personal data to third countries, the data processing is also based on Art. 49(1)(a) GDPR. If you have consented to the storage of cookies or access to information in your device (e.g. via device fingerprinting), the data processing is also based on \u00a7 25(1) TDDDG. Consent can be revoked at any time.\nIf your data is required for the performance of a contract or for pre-contractual measures, we process your data based on Art. 6(1)(b) GDPR. Furthermore, we process your data if it is necessary to fulfill a legal obligation on the basis of Art. 6(1)(c) GDPR. Data processing may also take place based on our legitimate interest according to Art. 6(1)(f) GDPR. The specific legal basis applicable in each case is explained in the following sections of this privacy policy.<\/p>\n<h3>Recipients of Personal Data<\/h3>\n<p>In the course of our business activities, we work with various external parties. Sometimes, this also involves the transfer of personal data to these external parties. We only pass on personal data to external parties if it is necessary within the framework of contract fulfillment, if we are legally obliged to do so (e.g. transfer of data to tax authorities), if we have a legitimate interest in the transfer (Art. 6(1)(f) GDPR), or if another legal basis permits the data transfer. When using processors, we only transfer personal data of our customers based on a valid data processing agreement. In the case of joint processing, a joint processing agreement is concluded.<\/p>\n<h3>Revocation of Your Consent to Data Processing<\/h3>\n<p>Many data processing operations are only possible with your explicit consent. You can revoke consent you have already given at any time. The legality of the data processing carried out until the revocation remains unaffected by the revocation.<\/p>\n<h3>Right to Object to Data Collection in Special Cases and to Direct Advertising (Art. 21 GDPR)<\/h3>\n<p>IF THE DATA PROCESSING IS BASED ON ART. 6(1)(E) OR (F) GDPR, YOU HAVE THE RIGHT TO OBJECT AT ANY TIME, FOR REASONS ARISING FROM YOUR PARTICULAR SITUATION, TO THE PROCESSING OF YOUR PERSONAL DATA; THIS ALSO APPLIES TO PROFILING BASED ON THESE PROVISIONS. THE RESPECTIVE LEGAL BASIS ON WHICH PROCESSING IS BASED CAN BE FOUND IN THIS PRIVACY POLICY. IF YOU OBJECT, WE WILL NO LONGER PROCESS YOUR AFFECTED PERSONAL DATA UNLESS WE CAN DEMONSTRATE COMPELLING LEGITIMATE GROUNDS FOR THE PROCESSING WHICH OVERRIDE YOUR INTERESTS, RIGHTS AND FREEDOMS OR THE PROCESSING SERVES THE ASSERTION, EXERCISE OR DEFENSE OF LEGAL CLAIMS (OBJECTION ACCORDING TO ART. 21(1) GDPR).<\/p>\n<p>IF YOUR PERSONAL DATA IS PROCESSED FOR DIRECT MARKETING PURPOSES, YOU HAVE THE RIGHT TO OBJECT AT ANY TIME TO THE PROCESSING OF PERSONAL DATA CONCERNING YOU FOR THE PURPOSE OF SUCH ADVERTISING; THIS ALSO APPLIES TO PROFILING TO THE EXTENT THAT IT IS RELATED TO SUCH DIRECT ADVERTISING. IF YOU OBJECT, YOUR PERSONAL DATA WILL THEN NO LONGER BE USED FOR DIRECT ADVERTISING PURPOSES (OBJECTION ACCORDING TO ART. 21(2) GDPR).<\/p>\n<h3>Right to Lodge a Complaint with a Supervisory Authority<\/h3>\n<p>In the event of violations of the GDPR, data subjects have the right to lodge a complaint with a supervisory authority, in particular in the Member State of their habitual residence, place of work, or place of the alleged violation. The right to lodge a complaint exists without prejudice to other administrative or judicial remedies.<\/p>\n<h3>Right to Data Portability<\/h3>\n<p>Sie haben das Recht, Daten, die wir auf Grundlage Ihrer Einwilligung oder in Erf\u00fcllung eines Vertrags automatisiert verarbeiten, an sich oder an einen Dritten in einem g\u00e4ngigen, maschinenlesbaren Format aush\u00e4ndigen zu lassen. Sofern Sie die direkte \u00dcbertragung der Daten an einen anderen Verantwortlichen verlangen, erfolgt dies nur, soweit es technisch machbar ist.<\/p>\n<h3>Right of Access, Rectification, and Erasure<\/h3>\n<p>Within the framework of the applicable legal provisions, you have the right at any time to obtain free information about your stored personal data, its origin and recipients, and the purpose of data processing and, if applicable, a right to rectification or erasure of this data. You can contact us at any time regarding this and other questions on the subject of personal data.<\/p>\n<h3>Right to Restriction of Processing<\/h3>\n<p>You have the right to request the restriction of the processing of your personal data. You can contact us at any time about this. The right to restriction of processing exists in the following cases:<\/p>\n<ul>\n<li>If you dispute the accuracy of your personal data stored with us, we usually need time to verify this. For the duration of the verification, you have the right to request the restriction of the processing of your personal data.<\/li>\n<li>If the processing of your personal data was\/is unlawful, you can request the restriction of data processing instead of erasure.<\/li>\n<li>If we no longer need your personal data, but you need it to exercise, defend or assert legal claims, you have the right to request the restriction of the processing of your personal data instead of erasure.<\/li>\n<li>If you have filed an objection under Art. 21(1) GDPR, a balance must be struck between your and our interests. As long as it has not yet been determined whose interests prevail, you have the right to request the restriction of the processing of your personal data.<\/li>\n<\/ul>\n<p>If you have restricted the processing of your personal data, these data \u2013 apart from being stored \u2013 may only be processed with your consent or for the assertion, exercise or defense of legal claims or for the protection of the rights of another natural or legal person or for reasons of important public interest of the European Union or a Member State.<\/p>\n<h3>SSL or TLS Encryption<\/h3>\n<p>For security reasons and to protect the transmission of confidential content, such as orders or inquiries that you send to us as the website operator, this site uses SSL or TLS encryption. You can recognize an encrypted connection by the fact that the address line of the browser changes from \u201chttp:\/\/\u201d to \u201chttps:\/\/\u201d and by the lock symbol in your browser line.<\/p>\n<p>When SSL or TLS encryption is activated, the data you transmit to us cannot be read by third parties.<\/p>\n<h2>4. Data Collection on This Website<\/h2>\n<h3>Cookies<\/h3>\n<p>Our websites use so-called \u201ccookies\u201d. Cookies are small data packages that do not harm your device. They are either temporarily stored for the duration of a session (session cookies) or permanently (permanent cookies) stored on your device. Session cookies are automatically deleted after your visit. Permanent cookies remain stored on your device until you delete them yourself or your web browser automatically deletes them.<\/p>\n<p>Cookies can come from us (first-party cookies) or from third-party companies (so-called third-party cookies). Third-party cookies allow the integration of certain services provided by third parties within websites (e.g. cookies for processing payment services).<\/p>\n<p>Cookies have various functions. Many cookies are technically necessary because certain website functions would not work without them (e.g. the shopping cart function or the display of videos). Other cookies may be used to evaluate user behavior or for advertising purposes.<\/p>\n<p>Cookies that are required to carry out the electronic communication process, to provide certain functions you desire (e.g. for the shopping cart function) or to optimize the website (e.g. cookies to measure the web audience) are stored on the basis of Art. 6(1)(f) GDPR, unless another legal basis is specified. The website operator has a legitimate interest in the storage of necessary cookies for the technically error-free and optimized provision of its services. If consent to the storage of cookies and similar recognition technologies has been requested, processing is carried out exclusively on the basis of this consent (Art. 6(1)(a) GDPR and \u00a7 25(1) TDDDG); the consent can be revoked at any time.<\/p>\n<p>You can set your browser to inform you about the setting of cookies and to allow cookies only in individual cases, to exclude the acceptance of cookies for certain cases or in general, and to activate the automatic deletion of cookies when closing the browser. If cookies are deactivated, the functionality of this website may be restricted.<\/p>\n<p>Which cookies and services are used on this website can be found in this privacy policy.<\/p>\n<h3>Contact Form<\/h3>\n<p>If you send us inquiries via the contact form, your details from the inquiry form, including the contact data you provided there, will be stored by us for the purpose of processing the inquiry and in case of follow-up questions. We do not pass on this data without your consent.<\/p>\n<p>The processing of this data is based on Art. 6(1)(b) GDPR if your request is related to the fulfillment of a contract or is necessary for pre-contractual measures. In all other cases, processing is based on our legitimate interest in the effective processing of inquiries addressed to us (Art. 6(1)(f) GDPR) or on your consent (Art. 6(1)(a) GDPR), if it has been requested; the consent can be revoked at any time.<\/p>\n<p>The data you enter in the contact form will remain with us until you request us to delete it, revoke your consent to storage, or the purpose for data storage no longer applies (e.g. after your request has been processed). Mandatory statutory provisions \u2013 in particular retention periods \u2013 remain unaffected.<\/p>\n<h3>Inquiry by Email, Phone, or Fax<\/h3>\n<p>If you contact us by email, telephone, or fax, your request including all resulting personal data (name, request) will be stored and processed by us for the purpose of handling your request. We do not pass on this data without your consent.<\/p>\n<p>The processing of this data is based on Art. 6(1)(b) GDPR if your request is related to the fulfillment of a contract or is necessary for pre-contractual measures. In all other cases, processing is based on our legitimate interest in the effective processing of inquiries addressed to us (Art. 6(1)(f) GDPR) or on your consent (Art. 6(1)(a) GDPR), if it has been requested; the consent can be revoked at any time.<\/p>\n<p>The data sent to us via contact inquiries will remain with us until you ask us to delete it, revoke your consent to storage, or the purpose for data storage no longer applies (e.g. after your request has been processed). Mandatory statutory provisions \u2013 in particular legal retention periods \u2013 remain unaffected.<\/p>\n<p>Source: <a href=\"https:\/\/www.e-recht24.de\">https:\/\/www.e-recht24.de<\/a><\/p>\n<p>[\/et_pb_text][\/et_pb_column][\/et_pb_row][\/et_pb_section]<\/p>","protected":false},"excerpt":{"rendered":"<p>Datenschutz\u00aderkl\u00e4rung 1. Datenschutz auf einen Blick Allgemeine Hinweise Die folgenden Hinweise geben einen einfachen \u00dcberblick dar\u00fcber, was mit Ihren personenbezogenen Daten passiert, wenn Sie diese Website besuchen. Personenbezogene Daten sind alle Daten, mit denen Sie pers\u00f6nlich identifiziert werden k\u00f6nnen. Ausf\u00fchrliche Informationen zum Thema Datenschutz entnehmen Sie unserer unter diesem Text aufgef\u00fchrten Datenschutzerkl\u00e4rung. Datenerfassung auf dieser [&hellip;]<\/p>","protected":false},"author":1,"featured_media":0,"parent":0,"menu_order":0,"comment_status":"closed","ping_status":"closed","template":"","meta":{"_et_pb_use_builder":"on","_et_pb_old_content":"<!-- wp:heading -->\n<h2 class=\"wp-block-heading\">Who we are<\/h2>\n<!-- \/wp:heading -->\n<!-- wp:paragraph -->\n<p><strong class=\"privacy-policy-tutorial\">Suggested text: <\/strong>Our website address is: http:\/\/alexanderteschner.de.<\/p>\n<!-- \/wp:paragraph -->\n<!-- wp:heading -->\n<h2 class=\"wp-block-heading\">Comments<\/h2>\n<!-- \/wp:heading -->\n<!-- wp:paragraph -->\n<p><strong class=\"privacy-policy-tutorial\">Suggested text: <\/strong>When visitors leave comments on the site we collect the data shown in the comments form, and also the visitor&#8217;s IP address and browser user agent string to help spam detection.<\/p>\n<!-- \/wp:paragraph -->\n<!-- wp:paragraph -->\n<p>An anonymized string created from your email address (also called a hash) may be provided to the Gravatar service to see if you are using it. The Gravatar service privacy policy is available here: https:\/\/automattic.com\/privacy\/. After approval of your comment, your profile picture is visible to the public in the context of your comment.<\/p>\n<!-- \/wp:paragraph -->\n<!-- wp:heading -->\n<h2 class=\"wp-block-heading\">Media<\/h2>\n<!-- \/wp:heading -->\n<!-- wp:paragraph -->\n<p><strong class=\"privacy-policy-tutorial\">Suggested text: <\/strong>If you upload images to the website, you should avoid uploading images with embedded location data (EXIF GPS) included. Visitors to the website can download and extract any location data from images on the website.<\/p>\n<!-- \/wp:paragraph -->\n<!-- wp:heading -->\n<h2 class=\"wp-block-heading\">Cookies<\/h2>\n<!-- \/wp:heading -->\n<!-- wp:paragraph -->\n<p><strong class=\"privacy-policy-tutorial\">Suggested text: <\/strong>If you leave a comment on our site you may opt-in to saving your name, email address and website in cookies. These are for your convenience so that you do not have to fill in your details again when you leave another comment. These cookies will last for one year.<\/p>\n<!-- \/wp:paragraph -->\n<!-- wp:paragraph -->\n<p>If you visit our login page, we will set a temporary cookie to determine if your browser accepts cookies. This cookie contains no personal data and is discarded when you close your browser.<\/p>\n<!-- \/wp:paragraph -->\n<!-- wp:paragraph -->\n<p>When you log in, we will also set up several cookies to save your login information and your screen display choices. Login cookies last for two days, and screen options cookies last for a year. If you select &quot;Remember Me&quot;, your login will persist for two weeks. If you log out of your account, the login cookies will be removed.<\/p>\n<!-- \/wp:paragraph -->\n<!-- wp:paragraph -->\n<p>If you edit or publish an article, an additional cookie will be saved in your browser. This cookie includes no personal data and simply indicates the post ID of the article you just edited. It expires after 1 day.<\/p>\n<!-- \/wp:paragraph -->\n<!-- wp:heading -->\n<h2 class=\"wp-block-heading\">Embedded content from other websites<\/h2>\n<!-- \/wp:heading -->\n<!-- wp:paragraph -->\n<p><strong class=\"privacy-policy-tutorial\">Suggested text: <\/strong>Articles on this site may include embedded content (e.g. videos, images, articles, etc.). Embedded content from other websites behaves in the exact same way as if the visitor has visited the other website.<\/p>\n<!-- \/wp:paragraph -->\n<!-- wp:paragraph -->\n<p>These websites may collect data about you, use cookies, embed additional third-party tracking, and monitor your interaction with that embedded content, including tracking your interaction with the embedded content if you have an account and are logged in to that website.<\/p>\n<!-- \/wp:paragraph -->\n<!-- wp:heading -->\n<h2 class=\"wp-block-heading\">Who we share your data with<\/h2>\n<!-- \/wp:heading -->\n<!-- wp:paragraph -->\n<p><strong class=\"privacy-policy-tutorial\">Suggested text: <\/strong>If you request a password reset, your IP address will be included in the reset email.<\/p>\n<!-- \/wp:paragraph -->\n<!-- wp:heading -->\n<h2 class=\"wp-block-heading\">How long we retain your data<\/h2>\n<!-- \/wp:heading -->\n<!-- wp:paragraph -->\n<p><strong class=\"privacy-policy-tutorial\">Suggested text: <\/strong>If you leave a comment, the comment and its metadata are retained indefinitely. This is so we can recognize and approve any follow-up comments automatically instead of holding them in a moderation queue.<\/p>\n<!-- \/wp:paragraph -->\n<!-- wp:paragraph -->\n<p>For users that register on our website (if any), we also store the personal information they provide in their user profile. All users can see, edit, or delete their personal information at any time (except they cannot change their username). Website administrators can also see and edit that information.<\/p>\n<!-- \/wp:paragraph -->\n<!-- wp:heading -->\n<h2 class=\"wp-block-heading\">What rights you have over your data<\/h2>\n<!-- \/wp:heading -->\n<!-- wp:paragraph -->\n<p><strong class=\"privacy-policy-tutorial\">Suggested text: <\/strong>If you have an account on this site, or have left comments, you can request to receive an exported file of the personal data we hold about you, including any data you have provided to us. You can also request that we erase any personal data we hold about you. This does not include any data we are obliged to keep for administrative, legal, or security purposes.<\/p>\n<!-- \/wp:paragraph -->\n<!-- wp:heading -->\n<h2 class=\"wp-block-heading\">Where your data is sent<\/h2>\n<!-- \/wp:heading -->\n<!-- wp:paragraph -->\n<p><strong class=\"privacy-policy-tutorial\">Suggested text: <\/strong>Visitor comments may be checked through an automated spam detection service.<\/p>\n<!-- \/wp:paragraph -->\n","_et_gb_content_width":"","footnotes":""},"class_list":["post-169","page","type-page","status-publish","hentry"],"_links":{"self":[{"href":"https:\/\/alexanderteschner.de\/en\/wp-json\/wp\/v2\/pages\/169","targetHints":{"allow":["GET"]}}],"collection":[{"href":"https:\/\/alexanderteschner.de\/en\/wp-json\/wp\/v2\/pages"}],"about":[{"href":"https:\/\/alexanderteschner.de\/en\/wp-json\/wp\/v2\/types\/page"}],"author":[{"embeddable":true,"href":"https:\/\/alexanderteschner.de\/en\/wp-json\/wp\/v2\/users\/1"}],"replies":[{"embeddable":true,"href":"https:\/\/alexanderteschner.de\/en\/wp-json\/wp\/v2\/comments?post=169"}],"version-history":[{"count":3,"href":"https:\/\/alexanderteschner.de\/en\/wp-json\/wp\/v2\/pages\/169\/revisions"}],"predecessor-version":[{"id":284,"href":"https:\/\/alexanderteschner.de\/en\/wp-json\/wp\/v2\/pages\/169\/revisions\/284"}],"wp:attachment":[{"href":"https:\/\/alexanderteschner.de\/en\/wp-json\/wp\/v2\/media?parent=169"}],"curies":[{"name":"wp","href":"https:\/\/api.w.org\/{rel}","templated":true}]}}